{"id":2,"date":"2017-05-09T12:27:25","date_gmt":"2017-05-09T12:27:25","guid":{"rendered":"http:\/\/billandcoo.cz\/?page_id=2"},"modified":"2025-08-29T20:22:43","modified_gmt":"2025-08-29T20:22:43","slug":"home","status":"publish","type":"page","link":"https:\/\/billandcoo.cz\/en\/","title":{"rendered":"\u00davod"},"content":{"rendered":"","protected":false},"excerpt":{"rendered":"","protected":false},"author":1,"featured_media":0,"parent":0,"menu_order":0,"comment_status":"open","ping_status":"open","template":"","meta":{"footnotes":""},"class_list":["post-2","page","type-page","status-publish","hentry"],"yoast_head":"<!-- This site is optimized with the Yoast SEO plugin v27.5 - https:\/\/yoast.com\/product\/yoast-seo-wordpress\/ -->\n<title>\u00davod - Billandcoo<\/title>\n<meta name=\"robots\" content=\"index, follow, max-snippet:-1, max-image-preview:large, max-video-preview:-1\" \/>\n<link rel=\"canonical\" href=\"https:\/\/billandcoo.cz\/en\/\" \/>\n<meta property=\"og:locale\" content=\"en_GB\" \/>\n<meta property=\"og:type\" content=\"article\" \/>\n<meta property=\"og:title\" content=\"\u00davod - Billandcoo\" \/>\n<meta property=\"og:url\" content=\"https:\/\/billandcoo.cz\/en\/\" \/>\n<meta property=\"og:site_name\" content=\"Billandcoo\" \/>\n<meta property=\"article:modified_time\" content=\"2025-08-29T20:22:43+00:00\" \/>\n<meta name=\"twitter:card\" content=\"summary_large_image\" \/>\n<script type=\"application\/ld+json\" class=\"yoast-schema-graph\">{\"@context\":\"https:\\\/\\\/schema.org\",\"@graph\":[{\"@type\":\"WebPage\",\"@id\":\"https:\\\/\\\/billandcoo.cz\\\/\",\"url\":\"https:\\\/\\\/billandcoo.cz\\\/\",\"name\":\"\u00davod - Billandcoo\",\"isPartOf\":{\"@id\":\"https:\\\/\\\/billandcoo.cz\\\/#website\"},\"datePublished\":\"2017-05-09T12:27:25+00:00\",\"dateModified\":\"2025-08-29T20:22:43+00:00\",\"breadcrumb\":{\"@id\":\"https:\\\/\\\/billandcoo.cz\\\/#breadcrumb\"},\"inLanguage\":\"en-GB\",\"potentialAction\":[{\"@type\":\"ReadAction\",\"target\":[\"https:\\\/\\\/billandcoo.cz\\\/\"]}]},{\"@type\":\"BreadcrumbList\",\"@id\":\"https:\\\/\\\/billandcoo.cz\\\/#breadcrumb\",\"itemListElement\":[{\"@type\":\"ListItem\",\"position\":1,\"name\":\"Dom\u016f\",\"item\":\"https:\\\/\\\/billandcoo.cz\\\/\"},{\"@type\":\"ListItem\",\"position\":2,\"name\":\"\u00davod\"}]},{\"@type\":\"WebSite\",\"@id\":\"https:\\\/\\\/billandcoo.cz\\\/#website\",\"url\":\"https:\\\/\\\/billandcoo.cz\\\/\",\"name\":\"Billandcoo\",\"description\":\"Chovatelsk\u00e1 stanice mainsk\u00fdch m\u00fdval\u00edch ko\u010dek\",\"publisher\":{\"@id\":\"https:\\\/\\\/billandcoo.cz\\\/#organization\"},\"potentialAction\":[{\"@type\":\"SearchAction\",\"target\":{\"@type\":\"EntryPoint\",\"urlTemplate\":\"https:\\\/\\\/billandcoo.cz\\\/?s={search_term_string}\"},\"query-input\":{\"@type\":\"PropertyValueSpecification\",\"valueRequired\":true,\"valueName\":\"search_term_string\"}}],\"inLanguage\":\"en-GB\"},{\"@type\":\"Organization\",\"@id\":\"https:\\\/\\\/billandcoo.cz\\\/#organization\",\"name\":\"Billandcoo\",\"url\":\"https:\\\/\\\/billandcoo.cz\\\/\",\"logo\":{\"@type\":\"ImageObject\",\"inLanguage\":\"en-GB\",\"@id\":\"https:\\\/\\\/billandcoo.cz\\\/#\\\/schema\\\/logo\\\/image\\\/\",\"url\":\"https:\\\/\\\/billandcoo.cz\\\/wp-content\\\/uploads\\\/2025\\\/06\\\/logo-name.png\",\"contentUrl\":\"https:\\\/\\\/billandcoo.cz\\\/wp-content\\\/uploads\\\/2025\\\/06\\\/logo-name.png\",\"width\":1474,\"height\":261,\"caption\":\"Billandcoo\"},\"image\":{\"@id\":\"https:\\\/\\\/billandcoo.cz\\\/#\\\/schema\\\/logo\\\/image\\\/\"}}]}<\/script>\n<!-- \/ Yoast SEO plugin. -->","yoast_head_json":{"title":"\u00davod - Billandcoo","robots":{"index":"index","follow":"follow","max-snippet":"max-snippet:-1","max-image-preview":"max-image-preview:large","max-video-preview":"max-video-preview:-1"},"canonical":"https:\/\/billandcoo.cz\/en\/","og_locale":"en_GB","og_type":"article","og_title":"\u00davod - Billandcoo","og_url":"https:\/\/billandcoo.cz\/en\/","og_site_name":"Billandcoo","article_modified_time":"2025-08-29T20:22:43+00:00","twitter_card":"summary_large_image","schema":{"@context":"https:\/\/schema.org","@graph":[{"@type":"WebPage","@id":"https:\/\/billandcoo.cz\/","url":"https:\/\/billandcoo.cz\/","name":"\u00davod - Billandcoo","isPartOf":{"@id":"https:\/\/billandcoo.cz\/#website"},"datePublished":"2017-05-09T12:27:25+00:00","dateModified":"2025-08-29T20:22:43+00:00","breadcrumb":{"@id":"https:\/\/billandcoo.cz\/#breadcrumb"},"inLanguage":"en-GB","potentialAction":[{"@type":"ReadAction","target":["https:\/\/billandcoo.cz\/"]}]},{"@type":"BreadcrumbList","@id":"https:\/\/billandcoo.cz\/#breadcrumb","itemListElement":[{"@type":"ListItem","position":1,"name":"Dom\u016f","item":"https:\/\/billandcoo.cz\/"},{"@type":"ListItem","position":2,"name":"\u00davod"}]},{"@type":"WebSite","@id":"https:\/\/billandcoo.cz\/#website","url":"https:\/\/billandcoo.cz\/","name":"Billandcoo","description":"Chovatelsk\u00e1 stanice mainsk\u00fdch m\u00fdval\u00edch ko\u010dek","publisher":{"@id":"https:\/\/billandcoo.cz\/#organization"},"potentialAction":[{"@type":"SearchAction","target":{"@type":"EntryPoint","urlTemplate":"https:\/\/billandcoo.cz\/?s={search_term_string}"},"query-input":{"@type":"PropertyValueSpecification","valueRequired":true,"valueName":"search_term_string"}}],"inLanguage":"en-GB"},{"@type":"Organization","@id":"https:\/\/billandcoo.cz\/#organization","name":"Billandcoo","url":"https:\/\/billandcoo.cz\/","logo":{"@type":"ImageObject","inLanguage":"en-GB","@id":"https:\/\/billandcoo.cz\/#\/schema\/logo\/image\/","url":"https:\/\/billandcoo.cz\/wp-content\/uploads\/2025\/06\/logo-name.png","contentUrl":"https:\/\/billandcoo.cz\/wp-content\/uploads\/2025\/06\/logo-name.png","width":1474,"height":261,"caption":"Billandcoo"},"image":{"@id":"https:\/\/billandcoo.cz\/#\/schema\/logo\/image\/"}}]}},"_links":{"self":[{"href":"https:\/\/billandcoo.cz\/en\/wp-json\/wp\/v2\/pages\/2","targetHints":{"allow":["GET"]}}],"collection":[{"href":"https:\/\/billandcoo.cz\/en\/wp-json\/wp\/v2\/pages"}],"about":[{"href":"https:\/\/billandcoo.cz\/en\/wp-json\/wp\/v2\/types\/page"}],"author":[{"embeddable":true,"href":"https:\/\/billandcoo.cz\/en\/wp-json\/wp\/v2\/users\/1"}],"replies":[{"embeddable":true,"href":"https:\/\/billandcoo.cz\/en\/wp-json\/wp\/v2\/comments?post=2"}],"version-history":[{"count":1,"href":"https:\/\/billandcoo.cz\/en\/wp-json\/wp\/v2\/pages\/2\/revisions"}],"predecessor-version":[{"id":217,"href":"https:\/\/billandcoo.cz\/en\/wp-json\/wp\/v2\/pages\/2\/revisions\/217"}],"wp:attachment":[{"href":"https:\/\/billandcoo.cz\/en\/wp-json\/wp\/v2\/media?parent=2"}],"curies":[{"name":"wp","href":"https:\/\/api.w.org\/{rel}","templated":true}]}}