{"id":220,"date":"2025-08-19T13:16:38","date_gmt":"2025-08-19T11:16:38","guid":{"rendered":"http:\/\/billandcoo.cz\/?page_id=220"},"modified":"2025-08-28T19:20:30","modified_gmt":"2025-08-28T19:20:30","slug":"specialni-kocky","status":"publish","type":"page","link":"https:\/\/billandcoo.cz\/en\/specialni-kocky\/","title":{"rendered":"Speci\u00e1ln\u00ed ko\u010dky"},"content":{"rendered":"","protected":false},"excerpt":{"rendered":"","protected":false},"author":1,"featured_media":0,"parent":0,"menu_order":0,"comment_status":"open","ping_status":"closed","template":"","meta":{"footnotes":""},"class_list":["post-220","page","type-page","status-publish","hentry"],"yoast_head":"<!-- This site is optimized with the Yoast SEO plugin v27.5 - https:\/\/yoast.com\/product\/yoast-seo-wordpress\/ -->\n<title>Speci\u00e1ln\u00ed ko\u010dky - Billandcoo<\/title>\n<meta name=\"robots\" content=\"index, follow, max-snippet:-1, max-image-preview:large, max-video-preview:-1\" \/>\n<link rel=\"canonical\" href=\"https:\/\/billandcoo.cz\/en\/specialni-kocky\/\" \/>\n<meta property=\"og:locale\" content=\"en_GB\" \/>\n<meta property=\"og:type\" content=\"article\" \/>\n<meta property=\"og:title\" content=\"Speci\u00e1ln\u00ed ko\u010dky - Billandcoo\" \/>\n<meta property=\"og:url\" content=\"https:\/\/billandcoo.cz\/en\/specialni-kocky\/\" \/>\n<meta property=\"og:site_name\" content=\"Billandcoo\" \/>\n<meta property=\"article:modified_time\" content=\"2025-08-28T19:20:30+00:00\" \/>\n<meta name=\"twitter:card\" content=\"summary_large_image\" \/>\n<script type=\"application\/ld+json\" class=\"yoast-schema-graph\">{\"@context\":\"https:\\\/\\\/schema.org\",\"@graph\":[{\"@type\":\"WebPage\",\"@id\":\"https:\\\/\\\/billandcoo.cz\\\/specialni-kocky\\\/\",\"url\":\"https:\\\/\\\/billandcoo.cz\\\/specialni-kocky\\\/\",\"name\":\"Speci\u00e1ln\u00ed ko\u010dky - Billandcoo\",\"isPartOf\":{\"@id\":\"https:\\\/\\\/billandcoo.cz\\\/#website\"},\"datePublished\":\"2025-08-19T11:16:38+00:00\",\"dateModified\":\"2025-08-28T19:20:30+00:00\",\"breadcrumb\":{\"@id\":\"https:\\\/\\\/billandcoo.cz\\\/specialni-kocky\\\/#breadcrumb\"},\"inLanguage\":\"en-GB\",\"potentialAction\":[{\"@type\":\"ReadAction\",\"target\":[\"https:\\\/\\\/billandcoo.cz\\\/specialni-kocky\\\/\"]}]},{\"@type\":\"BreadcrumbList\",\"@id\":\"https:\\\/\\\/billandcoo.cz\\\/specialni-kocky\\\/#breadcrumb\",\"itemListElement\":[{\"@type\":\"ListItem\",\"position\":1,\"name\":\"Dom\u016f\",\"item\":\"https:\\\/\\\/billandcoo.cz\\\/\"},{\"@type\":\"ListItem\",\"position\":2,\"name\":\"Speci\u00e1ln\u00ed ko\u010dky\"}]},{\"@type\":\"WebSite\",\"@id\":\"https:\\\/\\\/billandcoo.cz\\\/#website\",\"url\":\"https:\\\/\\\/billandcoo.cz\\\/\",\"name\":\"Billandcoo\",\"description\":\"Chovatelsk\u00e1 stanice mainsk\u00fdch m\u00fdval\u00edch ko\u010dek\",\"publisher\":{\"@id\":\"https:\\\/\\\/billandcoo.cz\\\/#organization\"},\"potentialAction\":[{\"@type\":\"SearchAction\",\"target\":{\"@type\":\"EntryPoint\",\"urlTemplate\":\"https:\\\/\\\/billandcoo.cz\\\/?s={search_term_string}\"},\"query-input\":{\"@type\":\"PropertyValueSpecification\",\"valueRequired\":true,\"valueName\":\"search_term_string\"}}],\"inLanguage\":\"en-GB\"},{\"@type\":\"Organization\",\"@id\":\"https:\\\/\\\/billandcoo.cz\\\/#organization\",\"name\":\"Billandcoo\",\"url\":\"https:\\\/\\\/billandcoo.cz\\\/\",\"logo\":{\"@type\":\"ImageObject\",\"inLanguage\":\"en-GB\",\"@id\":\"https:\\\/\\\/billandcoo.cz\\\/#\\\/schema\\\/logo\\\/image\\\/\",\"url\":\"https:\\\/\\\/billandcoo.cz\\\/wp-content\\\/uploads\\\/2025\\\/06\\\/logo-name.png\",\"contentUrl\":\"https:\\\/\\\/billandcoo.cz\\\/wp-content\\\/uploads\\\/2025\\\/06\\\/logo-name.png\",\"width\":1474,\"height\":261,\"caption\":\"Billandcoo\"},\"image\":{\"@id\":\"https:\\\/\\\/billandcoo.cz\\\/#\\\/schema\\\/logo\\\/image\\\/\"}}]}<\/script>\n<!-- \/ Yoast SEO plugin. -->","yoast_head_json":{"title":"Speci\u00e1ln\u00ed ko\u010dky - Billandcoo","robots":{"index":"index","follow":"follow","max-snippet":"max-snippet:-1","max-image-preview":"max-image-preview:large","max-video-preview":"max-video-preview:-1"},"canonical":"https:\/\/billandcoo.cz\/en\/specialni-kocky\/","og_locale":"en_GB","og_type":"article","og_title":"Speci\u00e1ln\u00ed ko\u010dky - Billandcoo","og_url":"https:\/\/billandcoo.cz\/en\/specialni-kocky\/","og_site_name":"Billandcoo","article_modified_time":"2025-08-28T19:20:30+00:00","twitter_card":"summary_large_image","schema":{"@context":"https:\/\/schema.org","@graph":[{"@type":"WebPage","@id":"https:\/\/billandcoo.cz\/specialni-kocky\/","url":"https:\/\/billandcoo.cz\/specialni-kocky\/","name":"Speci\u00e1ln\u00ed ko\u010dky - Billandcoo","isPartOf":{"@id":"https:\/\/billandcoo.cz\/#website"},"datePublished":"2025-08-19T11:16:38+00:00","dateModified":"2025-08-28T19:20:30+00:00","breadcrumb":{"@id":"https:\/\/billandcoo.cz\/specialni-kocky\/#breadcrumb"},"inLanguage":"en-GB","potentialAction":[{"@type":"ReadAction","target":["https:\/\/billandcoo.cz\/specialni-kocky\/"]}]},{"@type":"BreadcrumbList","@id":"https:\/\/billandcoo.cz\/specialni-kocky\/#breadcrumb","itemListElement":[{"@type":"ListItem","position":1,"name":"Dom\u016f","item":"https:\/\/billandcoo.cz\/"},{"@type":"ListItem","position":2,"name":"Speci\u00e1ln\u00ed ko\u010dky"}]},{"@type":"WebSite","@id":"https:\/\/billandcoo.cz\/#website","url":"https:\/\/billandcoo.cz\/","name":"Billandcoo","description":"Chovatelsk\u00e1 stanice mainsk\u00fdch m\u00fdval\u00edch ko\u010dek","publisher":{"@id":"https:\/\/billandcoo.cz\/#organization"},"potentialAction":[{"@type":"SearchAction","target":{"@type":"EntryPoint","urlTemplate":"https:\/\/billandcoo.cz\/?s={search_term_string}"},"query-input":{"@type":"PropertyValueSpecification","valueRequired":true,"valueName":"search_term_string"}}],"inLanguage":"en-GB"},{"@type":"Organization","@id":"https:\/\/billandcoo.cz\/#organization","name":"Billandcoo","url":"https:\/\/billandcoo.cz\/","logo":{"@type":"ImageObject","inLanguage":"en-GB","@id":"https:\/\/billandcoo.cz\/#\/schema\/logo\/image\/","url":"https:\/\/billandcoo.cz\/wp-content\/uploads\/2025\/06\/logo-name.png","contentUrl":"https:\/\/billandcoo.cz\/wp-content\/uploads\/2025\/06\/logo-name.png","width":1474,"height":261,"caption":"Billandcoo"},"image":{"@id":"https:\/\/billandcoo.cz\/#\/schema\/logo\/image\/"}}]}},"_links":{"self":[{"href":"https:\/\/billandcoo.cz\/en\/wp-json\/wp\/v2\/pages\/220","targetHints":{"allow":["GET"]}}],"collection":[{"href":"https:\/\/billandcoo.cz\/en\/wp-json\/wp\/v2\/pages"}],"about":[{"href":"https:\/\/billandcoo.cz\/en\/wp-json\/wp\/v2\/types\/page"}],"author":[{"embeddable":true,"href":"https:\/\/billandcoo.cz\/en\/wp-json\/wp\/v2\/users\/1"}],"replies":[{"embeddable":true,"href":"https:\/\/billandcoo.cz\/en\/wp-json\/wp\/v2\/comments?post=220"}],"version-history":[{"count":1,"href":"https:\/\/billandcoo.cz\/en\/wp-json\/wp\/v2\/pages\/220\/revisions"}],"predecessor-version":[{"id":221,"href":"https:\/\/billandcoo.cz\/en\/wp-json\/wp\/v2\/pages\/220\/revisions\/221"}],"wp:attachment":[{"href":"https:\/\/billandcoo.cz\/en\/wp-json\/wp\/v2\/media?parent=220"}],"curies":[{"name":"wp","href":"https:\/\/api.w.org\/{rel}","templated":true}]}}